{"id":21,"date":"2015-10-09T22:55:39","date_gmt":"2015-10-09T22:55:39","guid":{"rendered":"http:\/\/catedras.ing.unlp.edu.ar\/grafica\/?page_id=21"},"modified":"2025-08-06T08:44:31","modified_gmt":"2025-08-06T11:44:31","slug":"sistemas-de-representacion-c","status":"publish","type":"page","link":"https:\/\/catedras.ing.unlp.edu.ar\/grafica\/sistemas-de-representacion-c","title":{"rendered":"Inscripci\u00f3n"},"content":{"rendered":"<p><span style=\"color: #333333;\">La inscripci\u00f3n se habilita las semanas anteriores al comienzo de cada curso a trav\u00e9s del sistema SIU-Guaran\u00ed.<\/span><br \/>\n<span style=\"color: #333333;\"><a style=\"color: #333333;\" href=\"https:\/\/www.guarani-ingenieria.unlp.edu.ar\/\">https:\/\/www.guarani-ingenieria.unlp.edu.ar\/<\/a><\/span><\/p>\n<p><span style=\"color: #333333;\">Por cualquier duda o consulta dirigirse a la c\u00e1tedra o a graficaing@ing.unlp.edu.ar<\/span><\/p>\n<h3><span style=\"color: #333399;\">Gr\u00e1fica para Ingenier\u00eda 2025 &#8211;\u00a0 2do Semestre<\/span><\/h3>\n<p><img loading=\"lazy\" decoding=\"async\" class=\"aligncenter size-full wp-image-7399\" src=\"http:\/\/catedras.ing.unlp.edu.ar\/grafica\/wp-content\/uploads\/2025\/08\/Clase-Inicio-25-2do-semestre.jpg\" alt=\"\" width=\"661\" height=\"433\" srcset=\"https:\/\/catedras.ing.unlp.edu.ar\/grafica\/wp-content\/uploads\/2025\/08\/Clase-Inicio-25-2do-semestre.jpg 661w, https:\/\/catedras.ing.unlp.edu.ar\/grafica\/wp-content\/uploads\/2025\/08\/Clase-Inicio-25-2do-semestre-300x197.jpg 300w\" sizes=\"auto, (max-width: 661px) 100vw, 661px\" \/><\/p>","protected":false},"excerpt":{"rendered":"<p>La inscripci\u00f3n se habilita las semanas anteriores al comienzo de cada curso a trav\u00e9s del sistema SIU-Guaran\u00ed. https:\/\/www.guarani-ingenieria.unlp.edu.ar\/ Por cualquier duda o consulta dirigirse a la c\u00e1tedra o a graficaing@ing.unlp.edu.ar Gr\u00e1fica para Ingenier\u00eda 2025&#46;&#46;&#46;<\/p>","protected":false},"author":1,"featured_media":0,"parent":0,"menu_order":0,"comment_status":"closed","ping_status":"closed","template":"","meta":{"footnotes":""},"categories":[],"tags":[],"class_list":["post-21","page","type-page","status-publish","hentry"],"_links":{"self":[{"href":"https:\/\/catedras.ing.unlp.edu.ar\/grafica\/wp-json\/wp\/v2\/pages\/21","targetHints":{"allow":["GET"]}}],"collection":[{"href":"https:\/\/catedras.ing.unlp.edu.ar\/grafica\/wp-json\/wp\/v2\/pages"}],"about":[{"href":"https:\/\/catedras.ing.unlp.edu.ar\/grafica\/wp-json\/wp\/v2\/types\/page"}],"author":[{"embeddable":true,"href":"https:\/\/catedras.ing.unlp.edu.ar\/grafica\/wp-json\/wp\/v2\/users\/1"}],"replies":[{"embeddable":true,"href":"https:\/\/catedras.ing.unlp.edu.ar\/grafica\/wp-json\/wp\/v2\/comments?post=21"}],"version-history":[{"count":5,"href":"https:\/\/catedras.ing.unlp.edu.ar\/grafica\/wp-json\/wp\/v2\/pages\/21\/revisions"}],"predecessor-version":[{"id":7405,"href":"https:\/\/catedras.ing.unlp.edu.ar\/grafica\/wp-json\/wp\/v2\/pages\/21\/revisions\/7405"}],"wp:attachment":[{"href":"https:\/\/catedras.ing.unlp.edu.ar\/grafica\/wp-json\/wp\/v2\/media?parent=21"}],"wp:term":[{"taxonomy":"category","embeddable":true,"href":"https:\/\/catedras.ing.unlp.edu.ar\/grafica\/wp-json\/wp\/v2\/categories?post=21"},{"taxonomy":"post_tag","embeddable":true,"href":"https:\/\/catedras.ing.unlp.edu.ar\/grafica\/wp-json\/wp\/v2\/tags?post=21"}],"curies":[{"name":"wp","href":"https:\/\/api.w.org\/{rel}","templated":true}]}}