{"id":11,"date":"2015-10-09T22:54:45","date_gmt":"2015-10-09T22:54:45","guid":{"rendered":"http:\/\/catedras.ing.unlp.edu.ar\/grafica\/?page_id=11"},"modified":"2025-05-06T07:35:31","modified_gmt":"2025-05-06T10:35:31","slug":"catedra","status":"publish","type":"page","link":"https:\/\/catedras.ing.unlp.edu.ar\/grafica\/catedra","title":{"rendered":"C\u00e1tedra"},"content":{"rendered":"<h3><span style=\"color: #333399;\"><strong>Asignaturas<\/strong><\/span><\/h3>\n<p>Las materias <em>Gr\u00e1fica para Ingenier\u00eda<\/em> y <em>Sistemas de Representaci\u00f3n<\/em> incluyen los conocimientos del Dibujo T\u00e9cnico cl\u00e1sico y nuevas aplicaciones de los sistemas CAD para dibujo asistido por computadora. Forman parte del ciclo de asignaturas Tecnol\u00f3gicas B\u00e1sicas del \u00c1rea de Dise\u00f1o del Departamento de Mec\u00e1nica.<\/p>\n<p><em>En el primer semestre se dicta:<\/em><br \/>\n<strong>Gr\u00e1fica para Ingenier\u00eda (M0602-M1602)<\/strong><br \/>\nSolo para las especialidades: Ing. Mec\u00e1nica, Electromec\u00e1nica, Aeron\u00e1utica, Aeroespacial y Materiales.<\/p>\n<p><em>En el segundo semestre se dictan:<\/em><\/p>\n<ul>\n<li><strong>M1602 Gr\u00e1fica para Ingenier\u00eda<\/strong> \u2013 para Ing. en Telecomunicaciones, Electricista, Electr\u00f3nica y Qu\u00edmica.<\/li>\n<li><strong>M0670 Sistemas de Representaci\u00f3n C<\/strong> \u2013 para Ing. en Computaci\u00f3n e Ing. Qu\u00edmica.<\/li>\n<li><strong>C0150 Sistemas de Representaci\u00f3n B<\/strong> \u2013 para Ing. Electricista y Electr\u00f3nica.<\/li>\n<\/ul>\n<hr \/>\n<h4><strong>CARPETAS DE TRABAJOS PR\u00c1CTICOS:<\/strong><\/h4>\n<p>La carpeta de Trabajos Pr\u00e1cticos comprende:<\/p>\n<ul>\n<li>TPs de CAD<\/li>\n<li>TPs de Croquis<\/li>\n<li>Evaluaciones de Teor\u00eda y Ejercitaci\u00f3n<\/li>\n<\/ul>\n<p>Estas actividades deber\u00e1n entregarse en los tiempos y modalidad establecidos, organizadas en una carpeta que puede ser solicitada por cualquier docente, especialmente en caso de dudas sobre la presentaci\u00f3n y aprobaci\u00f3n de alg\u00fan trabajo.<\/p>\n<p><strong>Las actividades se recibir\u00e1n hasta la semana previa al segundo parcial.<\/strong><\/p>\n<p><strong>Recomendaciones para la entrega de los trabajos:<\/strong><\/p>\n<ul>\n<li>No se aceptar\u00e1n trabajos incompletos.<\/li>\n<li>Todos los TPs y evaluaciones deber\u00e1n indicar claramente: Apellido y Nombre, N.\u00ba de alumno, t\u00edtulo del trabajo, fecha, nombre del docente y n\u00famero de TP o evaluaci\u00f3n.<\/li>\n<\/ul>\n<h4><strong>Condiciones de promoci\u00f3n y aprobaci\u00f3n de la asignatura:<\/strong><\/h4>\n<p style=\"padding-left: 30px;\"><em>a) Por Promoci\u00f3n<\/em><\/p>\n<p style=\"padding-left: 40px;\">\nRequisitos:<br \/>\n\u2013 80% de asistencia.<br \/>\n\u2013 Completar y aprobar todos los trabajos pr\u00e1cticos (Teor\u00eda, Croquis y CAD).<br \/>\n\u2013 Aprobar dos evaluaciones parciales (consultar calendario acad\u00e9mico).<\/p>\n<p>Los alumnos que cumplan estos requisitos y obtengan en cada evaluaci\u00f3n parcial una nota mayor o igual a 4, y un promedio de al menos 6, aprobar\u00e1n el curso por promoci\u00f3n.<br \/>\nQuienes aprueben ambas evaluaciones parciales pero no alcancen promedio 6, deber\u00e1n rendir examen final.<br \/>\nLas evaluaciones parciales se toman en el aula y horario de cursada de Teor\u00eda (1.\u00ba parcial) y de CAD (2.\u00ba parcial).<br \/>\nLos recuperatorios y flotante se toman en aula y horarios a definir seg\u00fan disponibilidad.\n<\/p>\n<p><em>Evaluaciones Parciales:<\/em><br \/>\nSer\u00e1n dos te\u00f3rico-pr\u00e1cticas, incluyendo aplicaciones de CAD en PC. Cada una tendr\u00e1 un recuperatorio, y habr\u00e1 una fecha adicional (\u00abflotante\u00bb) v\u00e1lida para una sola de las dos.<br \/>\nSe aprueban con nota m\u00ednima de 4. El recuperatorio es solo para quienes hayan desaprobado.<br \/>\nPara poder rendir, deber\u00e1n tener todos los TPs corregidos hasta dos semanas antes del parcial y contar con 80% de asistencia en ese per\u00edodo.<\/p>\n<p style=\"padding-left: 30px;\"><em>b) Por Examen Final<\/em><\/p>\n<p style=\"padding-left: 40px;\">\nDeben rendir examen final los estudiantes que, habiendo aprobado los parciales, no cumplan con el requisito de asistencia y\/o entrega de trabajos pr\u00e1cticos.<br \/>\nTambi\u00e9n acceden al examen final quienes aprueben ambos parciales pero no logren un promedio de 4.<br \/>\nLos finales se rinden los mi\u00e9rcoles a las 14 hs (seg\u00fan calendario) en el aula GIGA del Edificio Mec\u00e1nica.<\/p>\n<p>Leer: <a href=\"http:\/\/catedras.ing.unlp.edu.ar\/grafica\/giga\/recome_final.pdf\">Recomendaciones para rendir final<\/a>.<br \/>\nPor cualquier duda, dirigirse a la c\u00e1tedra o escribir a <a href=\"mailto:graficaing@ing.unlp.edu.ar\">graficaing@ing.unlp.edu.ar<\/a>.\n<\/p>\n<h4><strong>Comentarios sobre la Nota Final:<\/strong><\/h4>\n<ul style=\"padding-left: 40px;\">\n<li><em>Promoci\u00f3n:<\/em> se ver\u00e1 reflejada con nota num\u00e9rica de 6 a 10.<\/li>\n<li><em>Regular:<\/em> cursada aprobada, debe rendir examen final para aprobar la materia.<\/li>\n<li><em>Insuficiente:<\/em> no aprob\u00f3 la cursada, debe volver a cursar.<\/li>\n<li><em>Abandon\u00f3 o libre:<\/em> debe volver a cursar.<\/li>\n<\/ul>\n<hr \/>\n<p>Vistas de p\u00e1gina: [srs_total_pageViews]<\/p>\n<p>Visitantes: [srs_total_visitors]<\/p>","protected":false},"excerpt":{"rendered":"<p>Asignaturas Las materias Gr\u00e1fica para Ingenier\u00eda y Sistemas de Representaci\u00f3n incluyen los conocimientos del Dibujo T\u00e9cnico cl\u00e1sico y nuevas aplicaciones de los sistemas CAD para dibujo asistido por computadora. Forman parte del ciclo de&#46;&#46;&#46;<\/p>","protected":false},"author":1,"featured_media":0,"parent":0,"menu_order":0,"comment_status":"closed","ping_status":"closed","template":"","meta":{"footnotes":""},"categories":[],"tags":[],"class_list":["post-11","page","type-page","status-publish","hentry"],"_links":{"self":[{"href":"https:\/\/catedras.ing.unlp.edu.ar\/grafica\/wp-json\/wp\/v2\/pages\/11","targetHints":{"allow":["GET"]}}],"collection":[{"href":"https:\/\/catedras.ing.unlp.edu.ar\/grafica\/wp-json\/wp\/v2\/pages"}],"about":[{"href":"https:\/\/catedras.ing.unlp.edu.ar\/grafica\/wp-json\/wp\/v2\/types\/page"}],"author":[{"embeddable":true,"href":"https:\/\/catedras.ing.unlp.edu.ar\/grafica\/wp-json\/wp\/v2\/users\/1"}],"replies":[{"embeddable":true,"href":"https:\/\/catedras.ing.unlp.edu.ar\/grafica\/wp-json\/wp\/v2\/comments?post=11"}],"version-history":[{"count":22,"href":"https:\/\/catedras.ing.unlp.edu.ar\/grafica\/wp-json\/wp\/v2\/pages\/11\/revisions"}],"predecessor-version":[{"id":7286,"href":"https:\/\/catedras.ing.unlp.edu.ar\/grafica\/wp-json\/wp\/v2\/pages\/11\/revisions\/7286"}],"wp:attachment":[{"href":"https:\/\/catedras.ing.unlp.edu.ar\/grafica\/wp-json\/wp\/v2\/media?parent=11"}],"wp:term":[{"taxonomy":"category","embeddable":true,"href":"https:\/\/catedras.ing.unlp.edu.ar\/grafica\/wp-json\/wp\/v2\/categories?post=11"},{"taxonomy":"post_tag","embeddable":true,"href":"https:\/\/catedras.ing.unlp.edu.ar\/grafica\/wp-json\/wp\/v2\/tags?post=11"}],"curies":[{"name":"wp","href":"https:\/\/api.w.org\/{rel}","templated":true}]}}